{"id":9560,"date":"2025-04-09T13:31:01","date_gmt":"2025-04-09T13:31:01","guid":{"rendered":"https:\/\/ecogrillbud.com\/product\/eg-7c-800-1f-1g\/"},"modified":"2025-04-14T19:07:50","modified_gmt":"2025-04-14T19:07:50","slug":"eg-7c-800-1f-1g","status":"publish","type":"product","link":"https:\/\/ecogrillbud.com\/fr\/produit\/eg-7c-800-1f-1g\/","title":{"rendered":"EG 7C 800 1F\/1G"},"content":{"rendered":"<p>EcoGrill 2en1 est la combinaison pratique d&rsquo;une surface plane et d&rsquo;une grille pour une efficacit\u00e9 maximale dans tous vos projets culinaires\u00a0!<\/p>\n<p>Griller et frire sur un seul appareil\u00a0!<\/p>\n<p>Optimisation de l&rsquo;espace de travail\u00a0: L&rsquo;association d&rsquo;une surface plane et d&rsquo;une grille r\u00e9duit le besoin d&rsquo;appareils suppl\u00e9mentaires et contribue \u00e0 une utilisation optimale de l&rsquo;espace en cuisine.<\/p>\n<p>Enti\u00e8rement fabriqu\u00e9 en acier inoxydable AISI 304<\/p>\n<p>Un kit de nettoyants pour les deux surfaces est fourni avec l&rsquo;appareil. Ils garantissent un entretien facile et un nettoyage rapide.<\/p>\n<p>SURFACE PLATE\u00a0: Id\u00e9al pour frire des \u0153ufs, du fromage, des smash burgers, des l\u00e9gumes finement hach\u00e9s, des fruits de mer, des cr\u00eapes et pr\u00e9parer des plats comme des sandwichs, des tortillas, des omelettes et autres sp\u00e9cialit\u00e9s \u00e0 frire.<\/p>\n<p>L&rsquo;\u00e9paisseur de la plaque est de 10\u00a0mm, ce qui lui conf\u00e8re une durabilit\u00e9 exceptionnelle et une r\u00e9sistance durable aux temp\u00e9ratures \u00e9lev\u00e9es, id\u00e9ale pour une utilisation intensive en cuisine professionnelle.<\/p>\n<p>SURFACE DE LA GRILLE\u00a0: Le c\u00e9l\u00e8bre syst\u00e8me de grille chauffante EcoGrill est dot\u00e9 de r\u00e9sistances ind\u00e9pendantes dans chaque tube en acier inoxydable. Gr\u00e2ce \u00e0 sa conception innovante, chaque point de la surface de cuisson maintient la m\u00eame temp\u00e9rature. La temp\u00e9rature de fonctionnement est atteinte en seulement 5 minutes et son efficacit\u00e9 \u00e9nerg\u00e9tique garantit des \u00e9conomies.<\/p>\n<p>La surface de cuisson offre un aspect visuel exceptionnel \u00e0 vos aliments.<\/p>\n<p>Des thermostats pr\u00e9cis pour chaque surface et zone garantissent des r\u00e9sultats de cuisson et de friture parfaits \u00e0 chaque fois.<\/p>\n","protected":false},"excerpt":{"rendered":"<div><strong> Dimensions <\/strong>\u00a0: 795x700x150<\/div>\n<div><strong> Dimensions surface chauff\u00e9e <\/strong> : 80&#215;50<\/div>\n<div><strong> Charge connect\u00e9e <\/strong>\u00a0: 7.1<\/div>\n<div><strong> Quantit\u00e9 de viande r\u00f4tie <\/strong> : 15kg\/heure<\/div>\n<div><strong> Cordon d&rsquo;alimentation <\/strong>\u00a0: 5&#215;2,5<\/div>\n<div><strong> Tension \/ Fr\u00e9quence U (V) \/ f (Hz) <\/strong>\u00a0: 400V \/ 3N \/ 50<\/div>\n<div><strong> Atteindre la temp\u00e9rature de fonctionnement. T (minutes) <\/strong>\u00a0: 5<\/div>\n<div><strong> Poids (kg) <\/strong>\u00a0: 26<\/div>\n","protected":false},"featured_media":10210,"template":"","meta":[],"product_brand":[],"product_cat":[196],"product_tag":[],"class_list":{"0":"post-9560","1":"product","2":"type-product","3":"status-publish","4":"has-post-thumbnail","6":"product_cat-2u1-fr-2","8":"first","9":"instock","10":"taxable","11":"shipping-taxable","12":"purchasable","13":"product-type-simple"},"_links":{"self":[{"href":"https:\/\/ecogrillbud.com\/fr\/wp-json\/wp\/v2\/product\/9560","targetHints":{"allow":["GET"]}}],"collection":[{"href":"https:\/\/ecogrillbud.com\/fr\/wp-json\/wp\/v2\/product"}],"about":[{"href":"https:\/\/ecogrillbud.com\/fr\/wp-json\/wp\/v2\/types\/product"}],"wp:featuredmedia":[{"embeddable":true,"href":"https:\/\/ecogrillbud.com\/fr\/wp-json\/wp\/v2\/media\/10210"}],"wp:attachment":[{"href":"https:\/\/ecogrillbud.com\/fr\/wp-json\/wp\/v2\/media?parent=9560"}],"wp:term":[{"taxonomy":"product_brand","embeddable":true,"href":"https:\/\/ecogrillbud.com\/fr\/wp-json\/wp\/v2\/product_brand?post=9560"},{"taxonomy":"product_cat","embeddable":true,"href":"https:\/\/ecogrillbud.com\/fr\/wp-json\/wp\/v2\/product_cat?post=9560"},{"taxonomy":"product_tag","embeddable":true,"href":"https:\/\/ecogrillbud.com\/fr\/wp-json\/wp\/v2\/product_tag?post=9560"}],"curies":[{"name":"wp","href":"https:\/\/api.w.org\/{rel}","templated":true}]}}