{"id":9728,"date":"2023-10-18T14:50:35","date_gmt":"2023-10-18T14:50:35","guid":{"rendered":"https:\/\/ecogrillbud.com\/product\/ecogrill-home-s2-dvije-neovisne-zone-grijanja\/"},"modified":"2025-04-14T18:18:58","modified_gmt":"2025-04-14T18:18:58","slug":"ecogrill-home-s2-dvije-neovisne-zone-grijanja","status":"publish","type":"product","link":"https:\/\/ecogrillbud.com\/fr\/produit\/ecogrill-home-s2-dvije-neovisne-zone-grijanja\/","title":{"rendered":"EcoGrill HOME S2 \u2013 DEUX ZONES DE CHAUFFAGE IND\u00c9PENDANTES"},"content":{"rendered":"<p>Id\u00e9ales pour une utilisation dans un appartement, une maison, sur une terrasse ou \u00e0 l&rsquo;int\u00e9rieur &#8211; vos plats seront pr\u00eats en quelques minutes, et vous pourrez y pr\u00e9parer tout, du petit-d\u00e9jeuner au d\u00eener, de la viande et des fruits de mer aux l\u00e9gumes les plus divers.<\/p>\n<p>U potpunosti izra\u0111eni od nehr\u0111aju\u0107eg \u010delika, s revolucionarnim sustavom grija\u0107e mre\u017ee, odu\u0161evit \u0107e vas njihova prakti\u010dnost, jednostavnost i brzina kori\u0161tenja.<\/p>\n<p>Jamstvo je 2 godine + dodatne 3 godine nakon registracije proizvoda na na\u0161oj web stranici.<\/p>\n<p>Uz svaki kupljeni ro\u0161tilj dobivate sredstva za \u010di\u0161\u0107enje i jednu podlogu za ro\u0161tilj, t.j. Teflonska neljepljiva povr\u0161ina, koja se koristi ako vam je potrebna ravna povr\u0161ina, za pr\u017eenje ribe, sitnog povr\u0107a, ameri\u010dkih pala\u010dinki ili jaja.<\/p>\n<p>Razlika u odnosu na Home L model je samo u veli\u010dini i kapacitetu, odnosno koli\u010dini pe\u010dene hrane.<\/p>\n<p>Pogledajte neke od na\u0161ih preporuka u \u00ab\u00a0savjetima i receptima\u00a0\u00bb i svakako pustite ma\u0161ti na volju.<\/p>\n<p>EcoGrill. Jer ro\u0161tilj je praznik!<\/p>\n","protected":false},"excerpt":{"rendered":"<div><strong>Dimensions<\/strong>: 540\u00d7550\u00d7150 (mm)<\/div>\n<div><strong>Dimensions de la surface chauff\u00e9e<\/strong>: 500\u00d7370 (mm)<\/div>\n<div><strong>Puissance connect\u00e9e<\/strong>: 3600 (W)<\/div>\n<div><strong>Quantit\u00e9 de viande grill\u00e9e<\/strong>: 8 (kg\/h)<\/div>\n<div><strong>C\u00e2ble d&rsquo;alimentation<\/strong>: 3\u00d72.5 (mm\u00b2)<\/div>\n<div><strong>Tension\/Fr\u00e9quence U(V)\/f(Hz)<\/strong>: 230\/1N\/50 (Hz)<\/div>\n<div><strong>Temps de mont\u00e9e en temp\u00e9rature T(minutes)<\/strong>: 6<\/div>\n<div><strong>Temp\u00e9rature r\u00e9glable<\/strong>: 50-320\u00b0C<\/div>\n<div><strong>Poids net<\/strong>: 17kg<\/div>\n<div><strong>Poids brut<\/strong>: 19kg<\/div>\n","protected":false},"featured_media":10269,"template":"","meta":[],"product_brand":[],"product_cat":[189],"product_tag":[],"class_list":{"0":"post-9728","1":"product","2":"type-product","3":"status-publish","4":"has-post-thumbnail","6":"product_cat-zamjenski-fr-2","8":"first","9":"instock","10":"taxable","11":"shipping-taxable","12":"purchasable","13":"product-type-simple"},"_links":{"self":[{"href":"https:\/\/ecogrillbud.com\/fr\/wp-json\/wp\/v2\/product\/9728","targetHints":{"allow":["GET"]}}],"collection":[{"href":"https:\/\/ecogrillbud.com\/fr\/wp-json\/wp\/v2\/product"}],"about":[{"href":"https:\/\/ecogrillbud.com\/fr\/wp-json\/wp\/v2\/types\/product"}],"wp:featuredmedia":[{"embeddable":true,"href":"https:\/\/ecogrillbud.com\/fr\/wp-json\/wp\/v2\/media\/10269"}],"wp:attachment":[{"href":"https:\/\/ecogrillbud.com\/fr\/wp-json\/wp\/v2\/media?parent=9728"}],"wp:term":[{"taxonomy":"product_brand","embeddable":true,"href":"https:\/\/ecogrillbud.com\/fr\/wp-json\/wp\/v2\/product_brand?post=9728"},{"taxonomy":"product_cat","embeddable":true,"href":"https:\/\/ecogrillbud.com\/fr\/wp-json\/wp\/v2\/product_cat?post=9728"},{"taxonomy":"product_tag","embeddable":true,"href":"https:\/\/ecogrillbud.com\/fr\/wp-json\/wp\/v2\/product_tag?post=9728"}],"curies":[{"name":"wp","href":"https:\/\/api.w.org\/{rel}","templated":true}]}}