{"id":9738,"date":"2023-10-18T14:44:11","date_gmt":"2023-10-18T14:44:11","guid":{"rendered":"https:\/\/ecogrillbud.com\/product\/ecogrill-home-s\/"},"modified":"2025-04-14T18:33:25","modified_gmt":"2025-04-14T18:33:25","slug":"ecogrill-home-s","status":"publish","type":"product","link":"https:\/\/ecogrillbud.com\/it\/prodotto\/ecogrill-home-s\/","title":{"rendered":"EcoGrill HOME S"},"content":{"rendered":"<p>Sono ideali per l&#8217;uso in appartamento, in casa, in terrazza o in casa: i tuoi pasti saranno pronti in pochi minuti e potrai cucinarli di tutto: dalla colazione alla cena, dalla carne e dal pesce a un&#8217;ampia variet\u00e0 di verdure.<\/p>\n<p>U potpunosti izra\u0111eni od nehr\u0111aju\u0107eg \u010delika, s revolucionarnim sustavom grija\u0107e mre\u017ee, odu\u0161evit \u0107e vas njihova prakti\u010dnost, jednostavnost i brzina kori\u0161tenja.<\/p>\n<p>Jamstvo je 2 godine + dodatne 3 godine nakon registracije proizvoda na na\u0161oj web stranici.<\/p>\n<p>Uz svaki kupljeni ro\u0161tilj dobivate sredstva za \u010di\u0161\u0107enje i jednu podlogu za ro\u0161tilj, t.j. Teflonska neljepljiva povr\u0161ina, koja se koristi ako vam je potrebna ravna povr\u0161ina, za pr\u017eenje ribe, sitnog povr\u0107a, ameri\u010dkih pala\u010dinki ili jaja.<\/p>\n<p>Razlika u odnosu na Home L model je samo u veli\u010dini i kapacitetu, odnosno koli\u010dini pe\u010dene hrane.<\/p>\n<p>Pogledajte neke od na\u0161ih preporuka u &#8220;savjetima i receptima&#8221; i svakako pustite ma\u0161ti na volju.<\/p>\n<p>EcoGrill. Jer ro\u0161tilj je praznik!<\/p>\n","protected":false},"excerpt":{"rendered":"<div><strong>Dimensioni<\/strong>: 540x350x180 (mm)<\/div>\n<div><strong>Dimensioni superficie riscaldata<\/strong>: 240\u00d7370 (mm)<\/div>\n<div><strong>Potenza collegata<\/strong>: 2200 (W)<\/div>\n<div><strong>Quantit\u00e0 di carne arrostita<\/strong>: 4 (kg\/h)<\/div>\n<div><strong>Cavo di alimentazione<\/strong>: 3\u00d72,5 (mm\u00b2)<\/div>\n<div><strong>Tensione\/Frequenza U(V)\/f(Hz)<\/strong>: 230\/1N\/50 (Hz)<\/div>\n<div><strong>Raggiungimento della temperatura di esercizio. T(minuti): 5<\/p>\n<div><strong>Peso netto<\/strong>: 10 kg<\/div>\n<div><strong>Peso lordo<\/strong>: 12 kg<\/div>\n","protected":false},"featured_media":10255,"template":"","meta":[],"product_brand":[],"product_cat":[191],"product_tag":[],"class_list":{"0":"post-9738","1":"product","2":"type-product","3":"status-publish","4":"has-post-thumbnail","6":"product_cat-zamjenski-it-2","8":"first","9":"instock","10":"taxable","11":"shipping-taxable","12":"purchasable","13":"product-type-simple"},"_links":{"self":[{"href":"https:\/\/ecogrillbud.com\/it\/wp-json\/wp\/v2\/product\/9738","targetHints":{"allow":["GET"]}}],"collection":[{"href":"https:\/\/ecogrillbud.com\/it\/wp-json\/wp\/v2\/product"}],"about":[{"href":"https:\/\/ecogrillbud.com\/it\/wp-json\/wp\/v2\/types\/product"}],"wp:featuredmedia":[{"embeddable":true,"href":"https:\/\/ecogrillbud.com\/it\/wp-json\/wp\/v2\/media\/10255"}],"wp:attachment":[{"href":"https:\/\/ecogrillbud.com\/it\/wp-json\/wp\/v2\/media?parent=9738"}],"wp:term":[{"taxonomy":"product_brand","embeddable":true,"href":"https:\/\/ecogrillbud.com\/it\/wp-json\/wp\/v2\/product_brand?post=9738"},{"taxonomy":"product_cat","embeddable":true,"href":"https:\/\/ecogrillbud.com\/it\/wp-json\/wp\/v2\/product_cat?post=9738"},{"taxonomy":"product_tag","embeddable":true,"href":"https:\/\/ecogrillbud.com\/it\/wp-json\/wp\/v2\/product_tag?post=9738"}],"curies":[{"name":"wp","href":"https:\/\/api.w.org\/{rel}","templated":true}]}}