{"id":8864,"date":"2021-03-04T07:42:21","date_gmt":"2021-03-04T07:42:21","guid":{"rendered":"https:\/\/ecogrillbud.com\/product\/eg-6c-400\/"},"modified":"2026-02-01T18:31:04","modified_gmt":"2026-02-01T18:31:04","slug":"eg-6cc-400","status":"publish","type":"product","link":"https:\/\/ecogrillbud.com\/sl\/izdelek\/eg-6cc-400\/","title":{"rendered":"EG 6CC 400"},"content":{"rendered":"<p><strong> Enakomernost pe\u010denja na \u017earu <\/strong><\/p>\n<p>Zahvaljujo\u010d inovativnim oblikovalskim re\u0161itvam imajo vse to\u010dke na grelni povr\u0161ini enako temperaturo.<\/p>\n<p><strong> Okolju prijazno <\/strong><\/p>\n<p>98% materialov, iz katerih so izdelani elektri\u010dni \u017eari EcoGrill, je mogo\u010de reciklirati. Nerjave\u010de jeklo je trpe\u017een material, nevtralen v odnosu do hrane in kot tak\u0161na logi\u010dna izbira za izdelavo popolne opreme v profesionalnih kuhinjah, energijsko u\u010dinkoviti grelniki, vgrajeni v \u017eare, prena\u0161ajo najve\u010d toplote na hrano, pripravljeno na \u017earu, in izguba energije je zmanj\u0161ana. Razdeljene ogrevalne cone omogo\u010dajo racionalno uporabo. \u010ce imate majhno naro\u010dilo &#8211; aktivirajte samo en ali dva grelna odseka, odvisno od modela, ki ga uporabljate.<\/p>\n","protected":false},"excerpt":{"rendered":"<p>Ogrevalna cona: Ena ogrevalna cona<br \/>\nDimenzije (mm): 415x600x220<br \/>\nDimenzije ogrevalne povr\u0161ine (mm): 370&#215;470<br \/>\nMo\u010d P (kW): 4,5<br \/>\nKoli\u010dina pe\u010denega mesa (kg\/h): 7,5<br \/>\nNapajalni kabel (mm2): 5&#215;2,5<br \/>\nNapetost\/frekvenca U(V)\/\u0192(Hz): 400V\/3N\/50<br \/>\nTe\u017ea (kg): 22<\/p>\n","protected":false},"featured_media":10230,"template":"","meta":[],"product_brand":[],"product_cat":[104],"product_tag":[],"class_list":{"0":"post-8864","1":"product","2":"type-product","3":"status-publish","4":"has-post-thumbnail","6":"product_cat-400-sl","8":"first","9":"instock","10":"taxable","11":"shipping-taxable","12":"purchasable","13":"product-type-simple"},"_links":{"self":[{"href":"https:\/\/ecogrillbud.com\/sl\/wp-json\/wp\/v2\/product\/8864","targetHints":{"allow":["GET"]}}],"collection":[{"href":"https:\/\/ecogrillbud.com\/sl\/wp-json\/wp\/v2\/product"}],"about":[{"href":"https:\/\/ecogrillbud.com\/sl\/wp-json\/wp\/v2\/types\/product"}],"wp:featuredmedia":[{"embeddable":true,"href":"https:\/\/ecogrillbud.com\/sl\/wp-json\/wp\/v2\/media\/10230"}],"wp:attachment":[{"href":"https:\/\/ecogrillbud.com\/sl\/wp-json\/wp\/v2\/media?parent=8864"}],"wp:term":[{"taxonomy":"product_brand","embeddable":true,"href":"https:\/\/ecogrillbud.com\/sl\/wp-json\/wp\/v2\/product_brand?post=8864"},{"taxonomy":"product_cat","embeddable":true,"href":"https:\/\/ecogrillbud.com\/sl\/wp-json\/wp\/v2\/product_cat?post=8864"},{"taxonomy":"product_tag","embeddable":true,"href":"https:\/\/ecogrillbud.com\/sl\/wp-json\/wp\/v2\/product_tag?post=8864"}],"curies":[{"name":"wp","href":"https:\/\/api.w.org\/{rel}","templated":true}]}}