{"id":9740,"date":"2023-10-18T14:44:11","date_gmt":"2023-10-18T14:44:11","guid":{"rendered":"https:\/\/ecogrillbud.com\/product\/ecogrill-home-s\/"},"modified":"2025-04-14T18:34:44","modified_gmt":"2025-04-14T18:34:44","slug":"ecogrill-home-s","status":"publish","type":"product","link":"https:\/\/ecogrillbud.com\/sl\/izdelek\/ecogrill-home-s\/","title":{"rendered":"EcoGrill HOME S"},"content":{"rendered":"<p>Idealni so za uporabo v stanovanju, hi\u0161i, na terasi ali v zaprtih prostorih \u2013 va\u0161i obroki bodo pripravljeni v nekaj minutah, na njih pa lahko pripravite vse \u2013 od zajtrka do ve\u010derje, od mesa in morskih sade\u017eev do najrazli\u010dnej\u0161e zelenjave.<\/p>\n<p>U potpunosti izra\u0111eni od nehr\u0111aju\u0107eg \u010delika, s revolucionarnim sustavom grija\u0107e mre\u017ee, odu\u0161evit \u0107e vas njihova prakti\u010dnost, jednostavnost i brzina kori\u0161tenja.<\/p>\n<p>Jamstvo je 2 godine + dodatne 3 godine nakon registracije proizvoda na na\u0161oj web stranici.<\/p>\n<p>Uz svaki kupljeni ro\u0161tilj dobivate sredstva za \u010di\u0161\u0107enje i jednu podlogu za ro\u0161tilj, t.j. Teflonska neljepljiva povr\u0161ina, koja se koristi ako vam je potrebna ravna povr\u0161ina, za pr\u017eenje ribe, sitnog povr\u0107a, ameri\u010dkih pala\u010dinki ili jaja.<\/p>\n<p>Razlika u odnosu na Home L model je samo u veli\u010dini i kapacitetu, odnosno koli\u010dini pe\u010dene hrane.<\/p>\n<p>Pogledajte neke od na\u0161ih preporuka u &#8220;savjetima i receptima&#8221; i svakako pustite ma\u0161ti na volju.<\/p>\n<p>EcoGrill. Jer ro\u0161tilj je praznik!<\/p>\n","protected":false},"excerpt":{"rendered":"<div><strong>Dimenzije<\/strong>: 540 x 350 x 180 (mm)<\/div>\n<div><strong>Dimenzije ogrevane povr\u0161ine<\/strong>: 240 \u00d7 370 (mm)<\/div>\n<div><strong>Priklju\u010dna mo\u010d<\/strong>: 2200 (W)<\/div>\n<div><strong>Koli\u010dina pe\u010denega mesa<\/strong>: 4 (kg\/h)<\/div>\n<div><strong>Napajalni kabel<\/strong>: 3 \u00d7 2,5 (mm\u00b2)<\/div>\n<div><strong>Napetost\/frekvenca U(V)\/f(Hz)<\/strong>: 230\/1N\/50 (Hz)<\/div>\n<div><strong>Doseganje delovne temperature. T (minute): 5<\/p>\n<div><strong>Neto te\u017ea<\/strong>: 10 kg<\/div>\n<div><strong>Bruto te\u017ea<\/strong>: 12 kg<\/div>\n","protected":false},"featured_media":10257,"template":"","meta":[],"product_brand":[],"product_cat":[193],"product_tag":[],"class_list":{"0":"post-9740","1":"product","2":"type-product","3":"status-publish","4":"has-post-thumbnail","6":"product_cat-zamjenski-sl-2","8":"first","9":"instock","10":"taxable","11":"shipping-taxable","12":"purchasable","13":"product-type-simple"},"_links":{"self":[{"href":"https:\/\/ecogrillbud.com\/sl\/wp-json\/wp\/v2\/product\/9740","targetHints":{"allow":["GET"]}}],"collection":[{"href":"https:\/\/ecogrillbud.com\/sl\/wp-json\/wp\/v2\/product"}],"about":[{"href":"https:\/\/ecogrillbud.com\/sl\/wp-json\/wp\/v2\/types\/product"}],"wp:featuredmedia":[{"embeddable":true,"href":"https:\/\/ecogrillbud.com\/sl\/wp-json\/wp\/v2\/media\/10257"}],"wp:attachment":[{"href":"https:\/\/ecogrillbud.com\/sl\/wp-json\/wp\/v2\/media?parent=9740"}],"wp:term":[{"taxonomy":"product_brand","embeddable":true,"href":"https:\/\/ecogrillbud.com\/sl\/wp-json\/wp\/v2\/product_brand?post=9740"},{"taxonomy":"product_cat","embeddable":true,"href":"https:\/\/ecogrillbud.com\/sl\/wp-json\/wp\/v2\/product_cat?post=9740"},{"taxonomy":"product_tag","embeddable":true,"href":"https:\/\/ecogrillbud.com\/sl\/wp-json\/wp\/v2\/product_tag?post=9740"}],"curies":[{"name":"wp","href":"https:\/\/api.w.org\/{rel}","templated":true}]}}